{"id":13294,"date":"2025-04-30T13:33:38","date_gmt":"2025-04-30T13:33:38","guid":{"rendered":"https:\/\/kidzz-playgroup.com\/campamentos\/"},"modified":"2025-11-04T08:49:19","modified_gmt":"2025-11-04T08:49:19","slug":"campamentos","status":"publish","type":"page","link":"https:\/\/kidzz-playgroup.com\/es\/campamentos\/","title":{"rendered":"Campamentos"},"content":{"rendered":"\t\t<div data-elementor-type=\"wp-page\" data-elementor-id=\"13294\" class=\"elementor elementor-13294 elementor-13273\" data-elementor-post-type=\"page\">\n\t\t\t\t<div class=\"elementor-element elementor-element-3247750 elementor-hidden-tablet elementor-hidden-mobile e-flex e-con-boxed e-con e-parent\" data-id=\"3247750\" data-element_type=\"container\" data-e-type=\"container\">\n\t\t\t\t\t<div class=\"e-con-inner\">\n\t\t\t\t<div class=\"elementor-element elementor-element-6c25c07 elementor-widget__width-inherit elementor-widget elementor-widget-wpml-language-switcher\" data-id=\"6c25c07\" data-element_type=\"widget\" data-e-type=\"widget\" data-widget_type=\"wpml-language-switcher.default\">\n\t\t\t\t<div class=\"elementor-widget-container\">\n\t\t\t\t\t<div class=\"wpml-elementor-ls\">\n<div role=\"navigation\" aria-label=\"Selector de idioma\" class=\"wpml-ls-statics-footer wpml-ls wpml-ls-legacy-list-horizontal\">\n\t<ul><li class=\"wpml-ls-slot-footer wpml-ls-item wpml-ls-item-en wpml-ls-first-item wpml-ls-item-legacy-list-horizontal\">\n\t\t\t\t<a href=\"https:\/\/kidzz-playgroup.com\/\" hreflang=\"en\" lang=\"en\" class=\"wpml-ls-link\" aria-label=\"Cambiar a Ingl\u00e9s\" title=\"Cambiar a Ingl\u00e9s\">\n\t\t\t\t\t                                    <img decoding=\"async\"\n            class=\"wpml-ls-flag\"\n            src=\"https:\/\/kidzz-playgroup.com\/wp-content\/plugins\/sitepress-multilingual-cms\/res\/flags\/en.svg\"\n            alt=\"Ingl\u00e9s\"\n            loading=\"lazy\"\n            width=18\n            height=12\n    \/><\/a>\n\t\t\t<\/li><li class=\"wpml-ls-slot-footer wpml-ls-item wpml-ls-item-nl wpml-ls-item-legacy-list-horizontal\">\n\t\t\t\t<a href=\"https:\/\/kidzz-playgroup.com\/nl\/\" hreflang=\"nl\" lang=\"nl\" class=\"wpml-ls-link\" aria-label=\"Cambiar a Holand\u00e9s\" title=\"Cambiar a Holand\u00e9s\">\n\t\t\t\t\t                                    <img decoding=\"async\"\n            class=\"wpml-ls-flag\"\n            src=\"https:\/\/kidzz-playgroup.com\/wp-content\/plugins\/sitepress-multilingual-cms\/res\/flags\/nl.svg\"\n            alt=\"Holand\u00e9s\"\n            loading=\"lazy\"\n            width=18\n            height=12\n    \/><\/a>\n\t\t\t<\/li><li class=\"wpml-ls-slot-footer wpml-ls-item wpml-ls-item-es wpml-ls-current-language wpml-ls-last-item wpml-ls-item-legacy-list-horizontal\">\n\t\t\t\t<a href=\"https:\/\/kidzz-playgroup.com\/es\/\" hreflang=\"es\" lang=\"es\" class=\"wpml-ls-link\" aria-current=\"page\" aria-label=\"Cambiar a Espa\u00f1ol\" title=\"Cambiar a Espa\u00f1ol\">\n\t\t\t\t\t                                    <img decoding=\"async\"\n            class=\"wpml-ls-flag\"\n            src=\"https:\/\/kidzz-playgroup.com\/wp-content\/plugins\/sitepress-multilingual-cms\/res\/flags\/es.svg\"\n            alt=\"Espa\u00f1ol\"\n            loading=\"lazy\"\n            width=18\n            height=12\n    \/><\/a>\n\t\t\t<\/li><\/ul>\n<\/div>\n<\/div>\t\t\t\t<\/div>\n\t\t\t\t<\/div>\n\t\t\t\t\t<\/div>\n\t\t\t\t<\/div>\n\t\t<div class=\"elementor-element elementor-element-a0c2865 e-flex e-con-boxed e-con e-parent\" data-id=\"a0c2865\" data-element_type=\"container\" data-e-type=\"container\">\n\t\t\t\t\t<div class=\"e-con-inner\">\n\t\t<div class=\"elementor-element elementor-element-c266419 e-con-full e-flex e-con e-child\" data-id=\"c266419\" data-element_type=\"container\" data-e-type=\"container\">\n\t\t\t\t<div class=\"elementor-element elementor-element-2b59c3c elementor-widget elementor-widget-heading\" data-id=\"2b59c3c\" data-element_type=\"widget\" data-e-type=\"widget\" data-widget_type=\"heading.default\">\n\t\t\t\t<div class=\"elementor-widget-container\">\n\t\t\t\t\t<h2 class=\"elementor-heading-title elementor-size-default\"><h2><span class=\"red-text\">Campamentos<\/span> <span class=\"blue-text\"><\/span><\/h2><\/h2>\t\t\t\t<\/div>\n\t\t\t\t<\/div>\n\t\t\t\t<div class=\"elementor-element elementor-element-7e6d100 elementor-widget elementor-widget-text-editor\" data-id=\"7e6d100\" data-element_type=\"widget\" data-e-type=\"widget\" data-widget_type=\"text-editor.default\">\n\t\t\t\t<div class=\"elementor-widget-container\">\n\t\t\t\t\t\t\t\t\t<p class=\"p1\">Durante la semana de Pascua (del 30 de marzo al 2 de abril de 2026, de 9:00 a 17:00) y durante las vacaciones de verano (del 22 de junio al 30 de julio de 2026) organizamos un campamento especial para ni\u00f1os de 3 a 7 a\u00f1os. Este campamento est\u00e1 dirigido a ni\u00f1os en edad escolar y ofrece una oportunidad perfecta para que los antiguos ni\u00f1os de Kidzz vuelvan y se re\u00fanan con sus amigos y profesores de a\u00f1os anteriores. Nuestros campamentos no s\u00f3lo son un maravilloso reencuentro, sino tambi\u00e9n una forma estupenda de volver a sumergirse en un entorno biling\u00fce. Nuestras semanas de campamento est\u00e1n repletas de actividades y excursiones divertidas y creativas dentro y fuera de nuestro barrio de Gr\u00e0cia, que entretendr\u00e1n e inspirar\u00e1n a los ni\u00f1os.<\/p><p class=\"p2\">Haga clic en <span style=\"text-decoration: underline;\"><a href=\"https:\/\/www.instagram.com\/p\/C8pPU4noTs_\/\" target=\"_blank\" rel=\"noopener\"><span class=\"s1\">aqu\u00ed<\/span><\/a><\/span> y <span style=\"text-decoration: underline;\"><a href=\"https:\/\/www.instagram.com\/p\/DLsD6LetS02\/\" target=\"_blank\" rel=\"noopener\">aqu\u00ed<\/a><\/span> para echar un vistazo a nuestro campamento de verano.<\/p>\t\t\t\t\t\t\t\t<\/div>\n\t\t\t\t<\/div>\n\t\t<div class=\"elementor-element elementor-element-8dac6c9 e-grid e-con-full e-con e-child\" data-id=\"8dac6c9\" data-element_type=\"container\" data-e-type=\"container\">\n\t\t\t\t<div class=\"elementor-element elementor-element-def8233 elementor-widget elementor-widget-image\" data-id=\"def8233\" data-element_type=\"widget\" data-e-type=\"widget\" data-widget_type=\"image.default\">\n\t\t\t\t<div class=\"elementor-widget-container\">\n\t\t\t\t\t\t\t\t\t\t\t\t\t\t\t<img fetchpriority=\"high\" decoding=\"async\" width=\"1024\" height=\"1024\" src=\"https:\/\/kidzz-playgroup.com\/wp-content\/uploads\/2025\/09\/homepage-fotos1-1024x1024.png\" class=\"attachment-large size-large wp-image-15777\" alt=\"\" srcset=\"https:\/\/kidzz-playgroup.com\/wp-content\/uploads\/2025\/09\/homepage-fotos1-1024x1024.png 1024w, https:\/\/kidzz-playgroup.com\/wp-content\/uploads\/2025\/09\/homepage-fotos1-300x300.png 300w, https:\/\/kidzz-playgroup.com\/wp-content\/uploads\/2025\/09\/homepage-fotos1-150x150.png 150w, https:\/\/kidzz-playgroup.com\/wp-content\/uploads\/2025\/09\/homepage-fotos1-768x768.png 768w, https:\/\/kidzz-playgroup.com\/wp-content\/uploads\/2025\/09\/homepage-fotos1-650x650.png 650w, https:\/\/kidzz-playgroup.com\/wp-content\/uploads\/2025\/09\/homepage-fotos1.png 1080w\" sizes=\"(max-width: 1024px) 100vw, 1024px\" \/>\t\t\t\t\t\t\t\t\t\t\t\t\t\t\t<\/div>\n\t\t\t\t<\/div>\n\t\t\t\t<div class=\"elementor-element elementor-element-d16a61b elementor-widget elementor-widget-image\" data-id=\"d16a61b\" data-element_type=\"widget\" data-e-type=\"widget\" data-widget_type=\"image.default\">\n\t\t\t\t<div class=\"elementor-widget-container\">\n\t\t\t\t\t\t\t\t\t\t\t\t\t\t\t<img decoding=\"async\" width=\"1024\" height=\"1024\" src=\"https:\/\/kidzz-playgroup.com\/wp-content\/uploads\/2025\/06\/4-1024x1024.png\" class=\"attachment-large size-large wp-image-15636\" alt=\"\" srcset=\"https:\/\/kidzz-playgroup.com\/wp-content\/uploads\/2025\/06\/4-1024x1024.png 1024w, https:\/\/kidzz-playgroup.com\/wp-content\/uploads\/2025\/06\/4-300x300.png 300w, https:\/\/kidzz-playgroup.com\/wp-content\/uploads\/2025\/06\/4-150x150.png 150w, https:\/\/kidzz-playgroup.com\/wp-content\/uploads\/2025\/06\/4-768x768.png 768w, https:\/\/kidzz-playgroup.com\/wp-content\/uploads\/2025\/06\/4-1536x1536.png 1536w, https:\/\/kidzz-playgroup.com\/wp-content\/uploads\/2025\/06\/4-650x650.png 650w, https:\/\/kidzz-playgroup.com\/wp-content\/uploads\/2025\/06\/4-1300x1300.png 1300w, https:\/\/kidzz-playgroup.com\/wp-content\/uploads\/2025\/06\/4.png 1620w\" sizes=\"(max-width: 1024px) 100vw, 1024px\" \/>\t\t\t\t\t\t\t\t\t\t\t\t\t\t\t<\/div>\n\t\t\t\t<\/div>\n\t\t\t\t<div class=\"elementor-element elementor-element-a2c5a1a elementor-widget elementor-widget-image\" data-id=\"a2c5a1a\" data-element_type=\"widget\" data-e-type=\"widget\" data-widget_type=\"image.default\">\n\t\t\t\t<div class=\"elementor-widget-container\">\n\t\t\t\t\t\t\t\t\t\t\t\t\t\t\t<img decoding=\"async\" width=\"1024\" height=\"1024\" src=\"https:\/\/kidzz-playgroup.com\/wp-content\/uploads\/2025\/09\/homepage-fotos-1024x1024.png\" class=\"attachment-large size-large wp-image-15769\" alt=\"\" srcset=\"https:\/\/kidzz-playgroup.com\/wp-content\/uploads\/2025\/09\/homepage-fotos-1024x1024.png 1024w, https:\/\/kidzz-playgroup.com\/wp-content\/uploads\/2025\/09\/homepage-fotos-300x300.png 300w, https:\/\/kidzz-playgroup.com\/wp-content\/uploads\/2025\/09\/homepage-fotos-150x150.png 150w, https:\/\/kidzz-playgroup.com\/wp-content\/uploads\/2025\/09\/homepage-fotos-768x768.png 768w, https:\/\/kidzz-playgroup.com\/wp-content\/uploads\/2025\/09\/homepage-fotos-650x650.png 650w, https:\/\/kidzz-playgroup.com\/wp-content\/uploads\/2025\/09\/homepage-fotos.png 1080w\" sizes=\"(max-width: 1024px) 100vw, 1024px\" \/>\t\t\t\t\t\t\t\t\t\t\t\t\t\t\t<\/div>\n\t\t\t\t<\/div>\n\t\t\t\t<div class=\"elementor-element elementor-element-fddca37 elementor-widget elementor-widget-image\" data-id=\"fddca37\" data-element_type=\"widget\" data-e-type=\"widget\" data-widget_type=\"image.default\">\n\t\t\t\t<div class=\"elementor-widget-container\">\n\t\t\t\t\t\t\t\t\t\t\t\t\t\t\t<img loading=\"lazy\" decoding=\"async\" width=\"1024\" height=\"1024\" src=\"https:\/\/kidzz-playgroup.com\/wp-content\/uploads\/2025\/09\/homepage-fotos2-1024x1024.png\" class=\"attachment-large size-large wp-image-15780\" alt=\"\" srcset=\"https:\/\/kidzz-playgroup.com\/wp-content\/uploads\/2025\/09\/homepage-fotos2-1024x1024.png 1024w, https:\/\/kidzz-playgroup.com\/wp-content\/uploads\/2025\/09\/homepage-fotos2-300x300.png 300w, https:\/\/kidzz-playgroup.com\/wp-content\/uploads\/2025\/09\/homepage-fotos2-150x150.png 150w, https:\/\/kidzz-playgroup.com\/wp-content\/uploads\/2025\/09\/homepage-fotos2-768x768.png 768w, https:\/\/kidzz-playgroup.com\/wp-content\/uploads\/2025\/09\/homepage-fotos2-650x650.png 650w, https:\/\/kidzz-playgroup.com\/wp-content\/uploads\/2025\/09\/homepage-fotos2.png 1080w\" sizes=\"(max-width: 1024px) 100vw, 1024px\" \/>\t\t\t\t\t\t\t\t\t\t\t\t\t\t\t<\/div>\n\t\t\t\t<\/div>\n\t\t\t\t<div class=\"elementor-element elementor-element-c181ed2 elementor-widget elementor-widget-image\" data-id=\"c181ed2\" data-element_type=\"widget\" data-e-type=\"widget\" data-widget_type=\"image.default\">\n\t\t\t\t<div class=\"elementor-widget-container\">\n\t\t\t\t\t\t\t\t\t\t\t\t\t\t\t<img loading=\"lazy\" decoding=\"async\" width=\"1024\" height=\"1024\" src=\"https:\/\/kidzz-playgroup.com\/wp-content\/uploads\/2025\/09\/homepage-fotos4-1024x1024.png\" class=\"attachment-large size-large wp-image-15786\" alt=\"\" srcset=\"https:\/\/kidzz-playgroup.com\/wp-content\/uploads\/2025\/09\/homepage-fotos4-1024x1024.png 1024w, https:\/\/kidzz-playgroup.com\/wp-content\/uploads\/2025\/09\/homepage-fotos4-300x300.png 300w, https:\/\/kidzz-playgroup.com\/wp-content\/uploads\/2025\/09\/homepage-fotos4-150x150.png 150w, https:\/\/kidzz-playgroup.com\/wp-content\/uploads\/2025\/09\/homepage-fotos4-768x768.png 768w, https:\/\/kidzz-playgroup.com\/wp-content\/uploads\/2025\/09\/homepage-fotos4-650x650.png 650w, https:\/\/kidzz-playgroup.com\/wp-content\/uploads\/2025\/09\/homepage-fotos4.png 1080w\" sizes=\"(max-width: 1024px) 100vw, 1024px\" \/>\t\t\t\t\t\t\t\t\t\t\t\t\t\t\t<\/div>\n\t\t\t\t<\/div>\n\t\t\t\t<div class=\"elementor-element elementor-element-c2868d5 elementor-widget elementor-widget-image\" data-id=\"c2868d5\" data-element_type=\"widget\" data-e-type=\"widget\" data-widget_type=\"image.default\">\n\t\t\t\t<div class=\"elementor-widget-container\">\n\t\t\t\t\t\t\t\t\t\t\t\t\t\t\t<img loading=\"lazy\" decoding=\"async\" width=\"1024\" height=\"1024\" src=\"https:\/\/kidzz-playgroup.com\/wp-content\/uploads\/2025\/09\/homepage-fotos3-1024x1024.png\" class=\"attachment-large size-large wp-image-15783\" alt=\"\" srcset=\"https:\/\/kidzz-playgroup.com\/wp-content\/uploads\/2025\/09\/homepage-fotos3-1024x1024.png 1024w, https:\/\/kidzz-playgroup.com\/wp-content\/uploads\/2025\/09\/homepage-fotos3-300x300.png 300w, https:\/\/kidzz-playgroup.com\/wp-content\/uploads\/2025\/09\/homepage-fotos3-150x150.png 150w, https:\/\/kidzz-playgroup.com\/wp-content\/uploads\/2025\/09\/homepage-fotos3-768x768.png 768w, https:\/\/kidzz-playgroup.com\/wp-content\/uploads\/2025\/09\/homepage-fotos3-650x650.png 650w, https:\/\/kidzz-playgroup.com\/wp-content\/uploads\/2025\/09\/homepage-fotos3.png 1080w\" sizes=\"(max-width: 1024px) 100vw, 1024px\" \/>\t\t\t\t\t\t\t\t\t\t\t\t\t\t\t<\/div>\n\t\t\t\t<\/div>\n\t\t\t\t<\/div>\n\t\t\t\t<\/div>\n\t\t\t\t\t<\/div>\n\t\t\t\t<\/div>\n\t\t<div class=\"elementor-element elementor-element-3caf2d68 e-con-full e-flex e-con e-parent\" data-id=\"3caf2d68\" data-element_type=\"container\" data-e-type=\"container\" data-settings=\"{&quot;background_background&quot;:&quot;classic&quot;}\">\n\t\t<div class=\"elementor-element elementor-element-791d24ac e-con-full e-flex e-con e-child\" data-id=\"791d24ac\" data-element_type=\"container\" data-e-type=\"container\" data-settings=\"{&quot;background_background&quot;:&quot;classic&quot;}\">\n\t\t<div class=\"elementor-element elementor-element-753e3548 e-con-full e-flex e-con e-child\" data-id=\"753e3548\" data-element_type=\"container\" data-e-type=\"container\">\n\t\t\t\t<div class=\"elementor-element elementor-element-43901131 elementor-widget__width-initial elementor-position-top elementor-widget elementor-widget-image-box\" data-id=\"43901131\" data-element_type=\"widget\" data-e-type=\"widget\" data-widget_type=\"image-box.default\">\n\t\t\t\t<div class=\"elementor-widget-container\">\n\t\t\t\t\t<div class=\"elementor-image-box-wrapper\"><figure class=\"elementor-image-box-img\"><img loading=\"lazy\" decoding=\"async\" width=\"661\" height=\"377\" src=\"https:\/\/kidzz-playgroup.com\/wp-content\/uploads\/2024\/06\/Logo_Kidzz_Playgroup.png\" class=\"attachment-full size-full wp-image-11776\" alt=\"\" srcset=\"https:\/\/kidzz-playgroup.com\/wp-content\/uploads\/2024\/06\/Logo_Kidzz_Playgroup.png 661w, https:\/\/kidzz-playgroup.com\/wp-content\/uploads\/2024\/06\/Logo_Kidzz_Playgroup-600x342.png 600w, https:\/\/kidzz-playgroup.com\/wp-content\/uploads\/2024\/06\/Logo_Kidzz_Playgroup-300x171.png 300w\" sizes=\"(max-width: 661px) 100vw, 661px\" \/><\/figure><\/div>\t\t\t\t<\/div>\n\t\t\t\t<\/div>\n\t\t\t\t<div class=\"elementor-element elementor-element-7edd69a3 e-grid-align-left e-grid-align-mobile-center elementor-shape-rounded elementor-grid-0 elementor-widget elementor-widget-social-icons\" data-id=\"7edd69a3\" data-element_type=\"widget\" data-e-type=\"widget\" data-widget_type=\"social-icons.default\">\n\t\t\t\t<div class=\"elementor-widget-container\">\n\t\t\t\t\t\t\t<div class=\"elementor-social-icons-wrapper elementor-grid\" role=\"list\">\n\t\t\t\t\t\t\t<span class=\"elementor-grid-item\" role=\"listitem\">\n\t\t\t\t\t<a class=\"elementor-icon elementor-social-icon elementor-social-icon-linkedin-in elementor-animation-grow elementor-repeater-item-4249038\" href=\"https:\/\/www.linkedin.com\/company\/kidzzplaygroup\/posts\/?feedView=all\" target=\"_blank\">\n\t\t\t\t\t\t<span class=\"elementor-screen-only\">Linkedin-in<\/span>\n\t\t\t\t\t\t<svg aria-hidden=\"true\" class=\"e-font-icon-svg e-fab-linkedin-in\" viewBox=\"0 0 448 512\" xmlns=\"http:\/\/www.w3.org\/2000\/svg\"><path d=\"M100.28 448H7.4V148.9h92.88zM53.79 108.1C24.09 108.1 0 83.5 0 53.8a53.79 53.79 0 0 1 107.58 0c0 29.7-24.1 54.3-53.79 54.3zM447.9 448h-92.68V302.4c0-34.7-.7-79.2-48.29-79.2-48.29 0-55.69 37.7-55.69 76.7V448h-92.78V148.9h89.08v40.8h1.3c12.4-23.5 42.69-48.3 87.88-48.3 94 0 111.28 61.9 111.28 142.3V448z\"><\/path><\/svg>\t\t\t\t\t<\/a>\n\t\t\t\t<\/span>\n\t\t\t\t\t\t\t<span class=\"elementor-grid-item\" role=\"listitem\">\n\t\t\t\t\t<a class=\"elementor-icon elementor-social-icon elementor-social-icon-facebook elementor-animation-grow elementor-repeater-item-13a5be7\" href=\"https:\/\/www.facebook.com\/profile.php?id=61560764974170\" target=\"_blank\">\n\t\t\t\t\t\t<span class=\"elementor-screen-only\">Facebook<\/span>\n\t\t\t\t\t\t<svg aria-hidden=\"true\" class=\"e-font-icon-svg e-fab-facebook\" viewBox=\"0 0 512 512\" xmlns=\"http:\/\/www.w3.org\/2000\/svg\"><path d=\"M504 256C504 119 393 8 256 8S8 119 8 256c0 123.78 90.69 226.38 209.25 245V327.69h-63V256h63v-54.64c0-62.15 37-96.48 93.67-96.48 27.14 0 55.52 4.84 55.52 4.84v61h-31.28c-30.8 0-40.41 19.12-40.41 38.73V256h68.78l-11 71.69h-57.78V501C413.31 482.38 504 379.78 504 256z\"><\/path><\/svg>\t\t\t\t\t<\/a>\n\t\t\t\t<\/span>\n\t\t\t\t\t\t\t<span class=\"elementor-grid-item\" role=\"listitem\">\n\t\t\t\t\t<a class=\"elementor-icon elementor-social-icon elementor-social-icon-instagram elementor-animation-grow elementor-repeater-item-e487838\" href=\"https:\/\/www.instagram.com\/kidzz_barcelona\/\" target=\"_blank\">\n\t\t\t\t\t\t<span class=\"elementor-screen-only\">Instagram<\/span>\n\t\t\t\t\t\t<svg aria-hidden=\"true\" class=\"e-font-icon-svg e-fab-instagram\" viewBox=\"0 0 448 512\" xmlns=\"http:\/\/www.w3.org\/2000\/svg\"><path d=\"M224.1 141c-63.6 0-114.9 51.3-114.9 114.9s51.3 114.9 114.9 114.9S339 319.5 339 255.9 287.7 141 224.1 141zm0 189.6c-41.1 0-74.7-33.5-74.7-74.7s33.5-74.7 74.7-74.7 74.7 33.5 74.7 74.7-33.6 74.7-74.7 74.7zm146.4-194.3c0 14.9-12 26.8-26.8 26.8-14.9 0-26.8-12-26.8-26.8s12-26.8 26.8-26.8 26.8 12 26.8 26.8zm76.1 27.2c-1.7-35.9-9.9-67.7-36.2-93.9-26.2-26.2-58-34.4-93.9-36.2-37-2.1-147.9-2.1-184.9 0-35.8 1.7-67.6 9.9-93.9 36.1s-34.4 58-36.2 93.9c-2.1 37-2.1 147.9 0 184.9 1.7 35.9 9.9 67.7 36.2 93.9s58 34.4 93.9 36.2c37 2.1 147.9 2.1 184.9 0 35.9-1.7 67.7-9.9 93.9-36.2 26.2-26.2 34.4-58 36.2-93.9 2.1-37 2.1-147.8 0-184.8zM398.8 388c-7.8 19.6-22.9 34.7-42.6 42.6-29.5 11.7-99.5 9-132.1 9s-102.7 2.6-132.1-9c-19.6-7.8-34.7-22.9-42.6-42.6-11.7-29.5-9-99.5-9-132.1s-2.6-102.7 9-132.1c7.8-19.6 22.9-34.7 42.6-42.6 29.5-11.7 99.5-9 132.1-9s102.7-2.6 132.1 9c19.6 7.8 34.7 22.9 42.6 42.6 11.7 29.5 9 99.5 9 132.1s2.7 102.7-9 132.1z\"><\/path><\/svg>\t\t\t\t\t<\/a>\n\t\t\t\t<\/span>\n\t\t\t\t\t<\/div>\n\t\t\t\t\t\t<\/div>\n\t\t\t\t<\/div>\n\t\t\t\t<\/div>\n\t\t<div class=\"elementor-element elementor-element-3f670a76 e-con-full e-flex e-con e-child\" data-id=\"3f670a76\" data-element_type=\"container\" data-e-type=\"container\">\n\t\t\t\t<div class=\"elementor-element elementor-element-1d17a991 elementor-widget elementor-widget-heading\" data-id=\"1d17a991\" data-element_type=\"widget\" data-e-type=\"widget\" data-widget_type=\"heading.default\">\n\t\t\t\t<div class=\"elementor-widget-container\">\n\t\t\t\t\t<h6 class=\"elementor-heading-title elementor-size-default\">P\u00f3ngase en contacto<\/h6>\t\t\t\t<\/div>\n\t\t\t\t<\/div>\n\t\t\t\t<div class=\"elementor-element elementor-element-3030624d elementor-mobile-align-center elementor-icon-list--layout-traditional elementor-list-item-link-full_width elementor-widget elementor-widget-icon-list\" data-id=\"3030624d\" data-element_type=\"widget\" data-e-type=\"widget\" data-widget_type=\"icon-list.default\">\n\t\t\t\t<div class=\"elementor-widget-container\">\n\t\t\t\t\t\t\t<ul class=\"elementor-icon-list-items\">\n\t\t\t\t\t\t\t<li class=\"elementor-icon-list-item\">\n\t\t\t\t\t\t\t\t\t\t\t<a href=\"mailto:kidzzbcn@gmail.com\">\n\n\t\t\t\t\t\t\t\t\t\t\t<span class=\"elementor-icon-list-text\">kidzzbcn@gmail.com<\/span>\n\t\t\t\t\t\t\t\t\t\t\t<\/a>\n\t\t\t\t\t\t\t\t\t<\/li>\n\t\t\t\t\t\t\t\t<li class=\"elementor-icon-list-item\">\n\t\t\t\t\t\t\t\t\t\t\t<a href=\"tel:+34%20608%2048%2005%2091\">\n\n\t\t\t\t\t\t\t\t\t\t\t<span class=\"elementor-icon-list-text\">+34 608 48 05 91<\/span>\n\t\t\t\t\t\t\t\t\t\t\t<\/a>\n\t\t\t\t\t\t\t\t\t<\/li>\n\t\t\t\t\t\t\t\t<li class=\"elementor-icon-list-item\">\n\t\t\t\t\t\t\t\t\t\t<span class=\"elementor-icon-list-text\">Plaza de les Dones del 36, local 7 bajos, 08012 Barcelona, Espa\u00f1a<\/span>\n\t\t\t\t\t\t\t\t\t<\/li>\n\t\t\t\t\t\t\t\t<li class=\"elementor-icon-list-item\">\n\t\t\t\t\t\t\t\t\t\t<span class=\"elementor-icon-list-text\">De lunes a viernes<\/span>\n\t\t\t\t\t\t\t\t\t<\/li>\n\t\t\t\t\t\t\t\t<li class=\"elementor-icon-list-item\">\n\t\t\t\t\t\t\t\t\t\t<span class=\"elementor-icon-list-text\">Abierto de 8.00 a 17.00 horas<\/span>\n\t\t\t\t\t\t\t\t\t<\/li>\n\t\t\t\t\t\t<\/ul>\n\t\t\t\t\t\t<\/div>\n\t\t\t\t<\/div>\n\t\t\t\t<\/div>\n\t\t<div class=\"elementor-element elementor-element-4231f157 e-con-full e-flex e-con e-child\" data-id=\"4231f157\" data-element_type=\"container\" data-e-type=\"container\">\n\t\t\t\t<div class=\"elementor-element elementor-element-4138003f elementor-widget elementor-widget-google_maps\" data-id=\"4138003f\" data-element_type=\"widget\" data-e-type=\"widget\" data-widget_type=\"google_maps.default\">\n\t\t\t\t<div class=\"elementor-widget-container\">\n\t\t\t\t\t\t\t<div class=\"elementor-custom-embed\">\n\t\t\t<iframe loading=\"lazy\"\n\t\t\t\t\tsrc=\"https:\/\/maps.google.com\/maps?q=kidzz&#038;t=m&#038;z=15&#038;output=embed&#038;iwloc=near\"\n\t\t\t\t\ttitle=\"kidzz\"\n\t\t\t\t\taria-label=\"kidzz\"\n\t\t\t><\/iframe>\n\t\t<\/div>\n\t\t\t\t\t\t<\/div>\n\t\t\t\t<\/div>\n\t\t\t\t<\/div>\n\t\t\t\t<\/div>\n\t\t\t\t<\/div>\n\t\t\t\t<\/div>\n\t\t","protected":false},"excerpt":{"rendered":"<p>Campamentos Durante la semana de Pascua (del 30 de marzo al 2 de abril de 2026, de 9:00 a 17:00) y durante las vacaciones de verano (del 22 de junio al 30 de julio de 2026) organizamos un campamento especial para ni\u00f1os de 3 a 7 a\u00f1os. Este campamento est\u00e1 dirigido a ni\u00f1os en edad [&hellip;]<\/p>\n","protected":false},"author":3,"featured_media":0,"parent":0,"menu_order":0,"comment_status":"closed","ping_status":"closed","template":"page-full-width.php","meta":{"footnotes":""},"class_list":["post-13294","page","type-page","status-publish","hentry"],"_links":{"self":[{"href":"https:\/\/kidzz-playgroup.com\/es\/wp-json\/wp\/v2\/pages\/13294","targetHints":{"allow":["GET"]}}],"collection":[{"href":"https:\/\/kidzz-playgroup.com\/es\/wp-json\/wp\/v2\/pages"}],"about":[{"href":"https:\/\/kidzz-playgroup.com\/es\/wp-json\/wp\/v2\/types\/page"}],"author":[{"embeddable":true,"href":"https:\/\/kidzz-playgroup.com\/es\/wp-json\/wp\/v2\/users\/3"}],"replies":[{"embeddable":true,"href":"https:\/\/kidzz-playgroup.com\/es\/wp-json\/wp\/v2\/comments?post=13294"}],"version-history":[{"count":3,"href":"https:\/\/kidzz-playgroup.com\/es\/wp-json\/wp\/v2\/pages\/13294\/revisions"}],"predecessor-version":[{"id":16033,"href":"https:\/\/kidzz-playgroup.com\/es\/wp-json\/wp\/v2\/pages\/13294\/revisions\/16033"}],"wp:attachment":[{"href":"https:\/\/kidzz-playgroup.com\/es\/wp-json\/wp\/v2\/media?parent=13294"}],"curies":[{"name":"wp","href":"https:\/\/api.w.org\/{rel}","templated":true}]}}